{"id":11918,"date":"2024-05-27T12:22:02","date_gmt":"2024-05-27T10:22:02","guid":{"rendered":"https:\/\/www.4cost.de\/company\/news\/4cost-als-sponsor-des-railway-supplier-summit-2024-in-berlin\/"},"modified":"2025-01-10T06:16:27","modified_gmt":"2025-01-10T05:16:27","slug":"4cost-as-sponsor-of-the-railway-supplier-summit-2024-in-berlin","status":"publish","type":"page","link":"https:\/\/www.4cost.de\/en\/company\/news\/4cost-as-sponsor-of-the-railway-supplier-summit-2024-in-berlin\/","title":{"rendered":"4cost as sponsor of the RAILWAY Supplier Summit 2024 in Berlin"},"content":{"rendered":"<p><div class=\"fusion-fullwidth fullwidth-box fusion-builder-row-1 fusion-flex-container has-pattern-background has-mask-background nonhundred-percent-fullwidth non-hundred-percent-height-scrolling\" style=\"--awb-border-radius-top-left:0px;--awb-border-radius-top-right:0px;--awb-border-radius-bottom-right:0px;--awb-border-radius-bottom-left:0px;--awb-flex-wrap:wrap;\" ><div class=\"fusion-builder-row fusion-row fusion-flex-align-items-flex-start fusion-flex-content-wrap\" style=\"max-width:1352px;margin-left: calc(-4% \/ 2 );margin-right: calc(-4% \/ 2 );\"><div class=\"fusion-layout-column fusion_builder_column fusion-builder-column-0 fusion_builder_column_2_3 2_3 fusion-flex-column\" style=\"--awb-bg-size:cover;--awb-width-large:66.666666666667%;--awb-margin-top-large:0px;--awb-spacing-right-large:2.88%;--awb-margin-bottom-large:0px;--awb-spacing-left-large:2.88%;--awb-width-medium:66.666666666667%;--awb-order-medium:0;--awb-spacing-right-medium:2.88%;--awb-spacing-left-medium:2.88%;--awb-width-small:100%;--awb-order-small:0;--awb-spacing-right-small:1.92%;--awb-spacing-left-small:1.92%;\"><div class=\"fusion-column-wrapper fusion-column-has-shadow fusion-flex-justify-content-flex-start fusion-content-layout-column\"><div class=\"fusion-title title fusion-title-1 fusion-sep-none fusion-title-text fusion-title-size-one\" style=\"--awb-margin-top:0px;--awb-margin-top-small:0px;--awb-margin-right-small:0px;--awb-margin-bottom-small:10px;--awb-margin-left-small:0px;--awb-margin-top-medium:0px;\"><h1 class=\"fusion-title-heading title-heading-left fusion-responsive-typography-calculated\" style=\"margin:0;--fontSize:32;line-height:1.16;\">4cost as sponsor of the RAILWAY Supplier Summit 2024 in Berlin<\/h1><\/div><div class=\"fusion-text fusion-text-1\"><p>Entitled &#8220;Revolutionising supply chains in the rail industry&#8221;, the RAILWAY Supplier Summit took place on 16 and 17 May 2024 at the Mercure Hotel MOA in Berlin. The Berlin Institute Supply Chain Management brought together manufacturers, suppliers, operators, buyers and consultants from the rail industry to discuss sustainability and high-tech innovations for a greener future in rail transport. Around 200 participants took part in workshops, panel discussions and keynote speeches to broaden their expertise.<\/p>\n<\/div><div class=\"fusion-image-element \" style=\"--awb-caption-title-font-family:var(--h2_typography-font-family);--awb-caption-title-font-weight:var(--h2_typography-font-weight);--awb-caption-title-font-style:var(--h2_typography-font-style);--awb-caption-title-size:var(--h2_typography-font-size);--awb-caption-title-transform:var(--h2_typography-text-transform);--awb-caption-title-line-height:var(--h2_typography-line-height);--awb-caption-title-letter-spacing:var(--h2_typography-letter-spacing);\"><span class=\" fusion-imageframe imageframe-none imageframe-1 hover-type-none\"><img decoding=\"async\" width=\"1200\" height=\"630\" alt=\"4cost as sponsor of the RAILWAY Supplier Summit 2024 in Berlin\" title=\"4cost as sponsor of the RAILWAY Supplier Summit 2024 in Berlin\" src=\"https:\/\/www.4cost.de\/wp-content\/uploads\/2024\/05\/4cost_News_RAILWAY_2024_1.jpg\" data-orig-src=\"https:\/\/www.4cost.de\/wp-content\/uploads\/2024\/05\/4cost_News_RAILWAY_2024_1.jpg\" class=\"lazyload img-responsive wp-image-11914\" srcset=\"data:image\/svg+xml,%3Csvg%20xmlns%3D%27http%3A%2F%2Fwww.w3.org%2F2000%2Fsvg%27%20width%3D%271200%27%20height%3D%27630%27%20viewBox%3D%270%200%201200%20630%27%3E%3Crect%20width%3D%271200%27%20height%3D%27630%27%20fill-opacity%3D%220%22%2F%3E%3C%2Fsvg%3E\" data-srcset=\"https:\/\/www.4cost.de\/wp-content\/uploads\/2024\/05\/4cost_News_RAILWAY_2024_1-200x105.jpg 200w, https:\/\/www.4cost.de\/wp-content\/uploads\/2024\/05\/4cost_News_RAILWAY_2024_1-400x210.jpg 400w, https:\/\/www.4cost.de\/wp-content\/uploads\/2024\/05\/4cost_News_RAILWAY_2024_1-600x315.jpg 600w, https:\/\/www.4cost.de\/wp-content\/uploads\/2024\/05\/4cost_News_RAILWAY_2024_1-800x420.jpg 800w, https:\/\/www.4cost.de\/wp-content\/uploads\/2024\/05\/4cost_News_RAILWAY_2024_1.jpg 1200w\" data-sizes=\"auto\" data-orig-sizes=\"(max-width: 1125px) 100vw, 1200px\" \/><\/span><\/div><div class=\"fusion-text fusion-text-2\" style=\"--awb-font-size:12px;--awb-margin-top:5px;\"><p>F.l.t.r.: Joachim Sch\u00f6ffer (Managing Partner, 4cost GmbH), Stefan Braun (Chief Procurement Officer, \u00d6BB-Holding AG), Arnd Sch\u00fcller (Head of Sales, 4cost GmbH)<\/p>\n<\/div><div class=\"fusion-text fusion-text-3\"><p>As a sponsor of the summit, 4cost was on location to explain the benefits of professional costing software to high-level industry representatives. \"We were able to establish promising contacts with Siemens, Knorr-Bremse, Alstom, Hitachi, Herrenknecht and SKF, among others,\" summarises Arnd Sch\u00fcller, Head of Sales at 4cost. \"We were also able to directly schedule several presentation appointments with interested parties in order to present our innovative costing solutions to them in person.\"<\/p>\n<\/div><div class=\"fusion-image-element \" style=\"--awb-caption-title-font-family:var(--h2_typography-font-family);--awb-caption-title-font-weight:var(--h2_typography-font-weight);--awb-caption-title-font-style:var(--h2_typography-font-style);--awb-caption-title-size:var(--h2_typography-font-size);--awb-caption-title-transform:var(--h2_typography-text-transform);--awb-caption-title-line-height:var(--h2_typography-line-height);--awb-caption-title-letter-spacing:var(--h2_typography-letter-spacing);\"><span class=\" fusion-imageframe imageframe-none imageframe-2 hover-type-none\"><img decoding=\"async\" width=\"1200\" height=\"630\" alt=\"Discussion panel at the RAILWAY Supplier Summit 2024\" title=\"Discussion panel at the RAILWAY Supplier Summit 2024\" src=\"https:\/\/www.4cost.de\/wp-content\/uploads\/2024\/05\/4cost_News_RAILWAY_2024_2.jpg\" data-orig-src=\"https:\/\/www.4cost.de\/wp-content\/uploads\/2024\/05\/4cost_News_RAILWAY_2024_2.jpg\" class=\"lazyload img-responsive wp-image-11916\" srcset=\"data:image\/svg+xml,%3Csvg%20xmlns%3D%27http%3A%2F%2Fwww.w3.org%2F2000%2Fsvg%27%20width%3D%271200%27%20height%3D%27630%27%20viewBox%3D%270%200%201200%20630%27%3E%3Crect%20width%3D%271200%27%20height%3D%27630%27%20fill-opacity%3D%220%22%2F%3E%3C%2Fsvg%3E\" data-srcset=\"https:\/\/www.4cost.de\/wp-content\/uploads\/2024\/05\/4cost_News_RAILWAY_2024_2-200x105.jpg 200w, https:\/\/www.4cost.de\/wp-content\/uploads\/2024\/05\/4cost_News_RAILWAY_2024_2-400x210.jpg 400w, https:\/\/www.4cost.de\/wp-content\/uploads\/2024\/05\/4cost_News_RAILWAY_2024_2-600x315.jpg 600w, https:\/\/www.4cost.de\/wp-content\/uploads\/2024\/05\/4cost_News_RAILWAY_2024_2-800x420.jpg 800w, https:\/\/www.4cost.de\/wp-content\/uploads\/2024\/05\/4cost_News_RAILWAY_2024_2.jpg 1200w\" data-sizes=\"auto\" data-orig-sizes=\"(max-width: 1125px) 100vw, 1200px\" \/><\/span><\/div><div class=\"fusion-text fusion-text-4\" style=\"--awb-font-size:12px;--awb-margin-top:5px;\"><p>F.l.t.r.: Ludovic Kasperski (Sustainability Manager, Wabtec), Jessica Morris (Procurement Director D&amp;IS DACH, Alstom), Joachim Sch\u00f6ffer (Managing Partner, 4cost GmbH), Ines Sturm (Program Lead Sustainable Procurement, \u00d6BB), Dr. Lars Ebert (Head of Procurement &amp; Supply Management - Business Line Battery, thyssenkrupp Automation Engineering)<\/p>\n<\/div><div class=\"fusion-text fusion-text-5\"><p>In the morning of the first day of the event, Joachim Sch\u00f6ffer, Managing Partner of 4cost GmbH, moderated a discussion panel on the topic of \"Risk and Reward - Supplier Management and ESG\". The panellists were Jessica Morris (Procurement Director D&amp;IS DACH, Alstom), Dr Lars Ebert (Head of Procurement &amp; Supply Management - Business Line Battery, thyssenkrupp Automation Engineering), Ines Sturm (Program Lead Sustainable Procurement, \u00d6BB) and Ludovic Kasperski (Sustainability Manager, Wabtec). The panel came to the conclusion that sustainability is an absolute necessity, but that it is difficult to measure due to complex global supply chains and sometimes vague data. To date, there has been a lack of standardised tools and methods for accurately calculating ESG. Although not designed for this, Excel is still the first choice. \"There is a huge demand for professional costing tools,\" says Joachim Sch\u00f6ffer. \"Our development team is already working intensively on a number of new features for calculating ESG factors. We will gradually implement these in our software solutions over the coming months in order to provide our clients with greater cost transparency in this area.\"<\/p>\n<p>4cost would like to thank the organisers and all participants of the RAILWAY Supplier Summit for their informative insights and exciting perspectives.<\/p>\n<\/div><\/div><\/div><\/div><\/div><\/p>\n","protected":false},"excerpt":{"rendered":"","protected":false},"author":2,"featured_media":11914,"parent":6680,"menu_order":0,"comment_status":"closed","ping_status":"closed","template":"100-width.php","meta":{"footnotes":""},"class_list":["post-11918","page","type-page","status-publish","has-post-thumbnail","hentry"],"yoast_head":"<!-- This site is optimized with the Yoast SEO plugin v27.3 - https:\/\/yoast.com\/product\/yoast-seo-wordpress\/ -->\n<title>4cost as sponsor of the RAILWAY Supplier Summit 2024 in Berlin<\/title>\n<meta name=\"description\" content=\"Representatives from the rail industry discussed sustainability and high-tech innovations for a greener future in rail transport.\" \/>\n<meta name=\"robots\" content=\"index, follow, max-snippet:-1, max-image-preview:large, max-video-preview:-1\" \/>\n<link rel=\"canonical\" href=\"https:\/\/www.4cost.de\/en\/company\/news\/4cost-as-sponsor-of-the-railway-supplier-summit-2024-in-berlin\/\" \/>\n<meta property=\"og:locale\" content=\"en_US\" \/>\n<meta property=\"og:type\" content=\"article\" \/>\n<meta property=\"og:title\" content=\"4cost as sponsor of the RAILWAY Supplier Summit 2024 in Berlin\" \/>\n<meta property=\"og:description\" content=\"Representatives from the rail industry discussed sustainability and high-tech innovations for a greener future in rail transport.\" \/>\n<meta property=\"og:url\" content=\"https:\/\/www.4cost.de\/en\/company\/news\/4cost-as-sponsor-of-the-railway-supplier-summit-2024-in-berlin\/\" \/>\n<meta property=\"og:site_name\" content=\"4cost GmbH\" \/>\n<meta property=\"article:modified_time\" content=\"2025-01-10T05:16:27+00:00\" \/>\n<meta property=\"og:image\" content=\"https:\/\/www.4cost.de\/wp-content\/uploads\/2024\/05\/4cost_News_RAILWAY_2024_1.jpg\" \/>\n\t<meta property=\"og:image:width\" content=\"1200\" \/>\n\t<meta property=\"og:image:height\" content=\"630\" \/>\n\t<meta property=\"og:image:type\" content=\"image\/jpeg\" \/>\n<meta name=\"twitter:card\" content=\"summary_large_image\" \/>\n<script type=\"application\/ld+json\" class=\"yoast-schema-graph\">{\"@context\":\"https:\\\/\\\/schema.org\",\"@graph\":[{\"@type\":\"WebPage\",\"@id\":\"https:\\\/\\\/www.4cost.de\\\/en\\\/company\\\/news\\\/4cost-as-sponsor-of-the-railway-supplier-summit-2024-in-berlin\\\/\",\"url\":\"https:\\\/\\\/www.4cost.de\\\/en\\\/company\\\/news\\\/4cost-as-sponsor-of-the-railway-supplier-summit-2024-in-berlin\\\/\",\"name\":\"4cost as sponsor of the RAILWAY Supplier Summit 2024 in Berlin\",\"isPartOf\":{\"@id\":\"https:\\\/\\\/www.4cost.de\\\/en\\\/#website\"},\"primaryImageOfPage\":{\"@id\":\"https:\\\/\\\/www.4cost.de\\\/en\\\/company\\\/news\\\/4cost-as-sponsor-of-the-railway-supplier-summit-2024-in-berlin\\\/#primaryimage\"},\"image\":{\"@id\":\"https:\\\/\\\/www.4cost.de\\\/en\\\/company\\\/news\\\/4cost-as-sponsor-of-the-railway-supplier-summit-2024-in-berlin\\\/#primaryimage\"},\"thumbnailUrl\":\"https:\\\/\\\/www.4cost.de\\\/wp-content\\\/uploads\\\/2024\\\/05\\\/4cost_News_RAILWAY_2024_1.jpg\",\"datePublished\":\"2024-05-27T10:22:02+00:00\",\"dateModified\":\"2025-01-10T05:16:27+00:00\",\"description\":\"Representatives from the rail industry discussed sustainability and high-tech innovations for a greener future in rail transport.\",\"breadcrumb\":{\"@id\":\"https:\\\/\\\/www.4cost.de\\\/en\\\/company\\\/news\\\/4cost-as-sponsor-of-the-railway-supplier-summit-2024-in-berlin\\\/#breadcrumb\"},\"inLanguage\":\"en-US\",\"potentialAction\":[{\"@type\":\"ReadAction\",\"target\":[\"https:\\\/\\\/www.4cost.de\\\/en\\\/company\\\/news\\\/4cost-as-sponsor-of-the-railway-supplier-summit-2024-in-berlin\\\/\"]}]},{\"@type\":\"ImageObject\",\"inLanguage\":\"en-US\",\"@id\":\"https:\\\/\\\/www.4cost.de\\\/en\\\/company\\\/news\\\/4cost-as-sponsor-of-the-railway-supplier-summit-2024-in-berlin\\\/#primaryimage\",\"url\":\"https:\\\/\\\/www.4cost.de\\\/wp-content\\\/uploads\\\/2024\\\/05\\\/4cost_News_RAILWAY_2024_1.jpg\",\"contentUrl\":\"https:\\\/\\\/www.4cost.de\\\/wp-content\\\/uploads\\\/2024\\\/05\\\/4cost_News_RAILWAY_2024_1.jpg\",\"width\":1200,\"height\":630,\"caption\":\"4cost as sponsor of the RAILWAY Supplier Summit 2024 in Berlin\"},{\"@type\":\"BreadcrumbList\",\"@id\":\"https:\\\/\\\/www.4cost.de\\\/en\\\/company\\\/news\\\/4cost-as-sponsor-of-the-railway-supplier-summit-2024-in-berlin\\\/#breadcrumb\",\"itemListElement\":[{\"@type\":\"ListItem\",\"position\":1,\"name\":\"Startseite\",\"item\":\"https:\\\/\\\/www.4cost.de\\\/en\\\/\"},{\"@type\":\"ListItem\",\"position\":2,\"name\":\"Company\",\"item\":\"https:\\\/\\\/www.4cost.de\\\/en\\\/company\\\/\"},{\"@type\":\"ListItem\",\"position\":3,\"name\":\"News from 4cost\",\"item\":\"https:\\\/\\\/www.4cost.de\\\/en\\\/company\\\/news\\\/\"},{\"@type\":\"ListItem\",\"position\":4,\"name\":\"4cost as sponsor of the RAILWAY Supplier Summit 2024 in Berlin\"}]},{\"@type\":\"WebSite\",\"@id\":\"https:\\\/\\\/www.4cost.de\\\/en\\\/#website\",\"url\":\"https:\\\/\\\/www.4cost.de\\\/en\\\/\",\"name\":\"4cost GmbH\",\"description\":\"Kostenklarheit schafft Gewinn\",\"publisher\":{\"@id\":\"https:\\\/\\\/www.4cost.de\\\/en\\\/#organization\"},\"potentialAction\":[{\"@type\":\"SearchAction\",\"target\":{\"@type\":\"EntryPoint\",\"urlTemplate\":\"https:\\\/\\\/www.4cost.de\\\/en\\\/?s={search_term_string}\"},\"query-input\":{\"@type\":\"PropertyValueSpecification\",\"valueRequired\":true,\"valueName\":\"search_term_string\"}}],\"inLanguage\":\"en-US\"},{\"@type\":\"Organization\",\"@id\":\"https:\\\/\\\/www.4cost.de\\\/en\\\/#organization\",\"name\":\"4cost GmbH\",\"url\":\"https:\\\/\\\/www.4cost.de\\\/en\\\/\",\"logo\":{\"@type\":\"ImageObject\",\"inLanguage\":\"en-US\",\"@id\":\"https:\\\/\\\/www.4cost.de\\\/en\\\/#\\\/schema\\\/logo\\\/image\\\/\",\"url\":\"https:\\\/\\\/www.4cost.de\\\/wp-content\\\/uploads\\\/2025\\\/08\\\/4cost_Logo.jpg\",\"contentUrl\":\"https:\\\/\\\/www.4cost.de\\\/wp-content\\\/uploads\\\/2025\\\/08\\\/4cost_Logo.jpg\",\"width\":2400,\"height\":2102,\"caption\":\"4cost GmbH\"},\"image\":{\"@id\":\"https:\\\/\\\/www.4cost.de\\\/en\\\/#\\\/schema\\\/logo\\\/image\\\/\"},\"sameAs\":[\"https:\\\/\\\/de.linkedin.com\\\/company\\\/4cost\"]}]}<\/script>\n<!-- \/ Yoast SEO plugin. -->","yoast_head_json":{"title":"4cost as sponsor of the RAILWAY Supplier Summit 2024 in Berlin","description":"Representatives from the rail industry discussed sustainability and high-tech innovations for a greener future in rail transport.","robots":{"index":"index","follow":"follow","max-snippet":"max-snippet:-1","max-image-preview":"max-image-preview:large","max-video-preview":"max-video-preview:-1"},"canonical":"https:\/\/www.4cost.de\/en\/company\/news\/4cost-as-sponsor-of-the-railway-supplier-summit-2024-in-berlin\/","og_locale":"en_US","og_type":"article","og_title":"4cost as sponsor of the RAILWAY Supplier Summit 2024 in Berlin","og_description":"Representatives from the rail industry discussed sustainability and high-tech innovations for a greener future in rail transport.","og_url":"https:\/\/www.4cost.de\/en\/company\/news\/4cost-as-sponsor-of-the-railway-supplier-summit-2024-in-berlin\/","og_site_name":"4cost GmbH","article_modified_time":"2025-01-10T05:16:27+00:00","og_image":[{"width":1200,"height":630,"url":"https:\/\/www.4cost.de\/wp-content\/uploads\/2024\/05\/4cost_News_RAILWAY_2024_1.jpg","type":"image\/jpeg"}],"twitter_card":"summary_large_image","schema":{"@context":"https:\/\/schema.org","@graph":[{"@type":"WebPage","@id":"https:\/\/www.4cost.de\/en\/company\/news\/4cost-as-sponsor-of-the-railway-supplier-summit-2024-in-berlin\/","url":"https:\/\/www.4cost.de\/en\/company\/news\/4cost-as-sponsor-of-the-railway-supplier-summit-2024-in-berlin\/","name":"4cost as sponsor of the RAILWAY Supplier Summit 2024 in Berlin","isPartOf":{"@id":"https:\/\/www.4cost.de\/en\/#website"},"primaryImageOfPage":{"@id":"https:\/\/www.4cost.de\/en\/company\/news\/4cost-as-sponsor-of-the-railway-supplier-summit-2024-in-berlin\/#primaryimage"},"image":{"@id":"https:\/\/www.4cost.de\/en\/company\/news\/4cost-as-sponsor-of-the-railway-supplier-summit-2024-in-berlin\/#primaryimage"},"thumbnailUrl":"https:\/\/www.4cost.de\/wp-content\/uploads\/2024\/05\/4cost_News_RAILWAY_2024_1.jpg","datePublished":"2024-05-27T10:22:02+00:00","dateModified":"2025-01-10T05:16:27+00:00","description":"Representatives from the rail industry discussed sustainability and high-tech innovations for a greener future in rail transport.","breadcrumb":{"@id":"https:\/\/www.4cost.de\/en\/company\/news\/4cost-as-sponsor-of-the-railway-supplier-summit-2024-in-berlin\/#breadcrumb"},"inLanguage":"en-US","potentialAction":[{"@type":"ReadAction","target":["https:\/\/www.4cost.de\/en\/company\/news\/4cost-as-sponsor-of-the-railway-supplier-summit-2024-in-berlin\/"]}]},{"@type":"ImageObject","inLanguage":"en-US","@id":"https:\/\/www.4cost.de\/en\/company\/news\/4cost-as-sponsor-of-the-railway-supplier-summit-2024-in-berlin\/#primaryimage","url":"https:\/\/www.4cost.de\/wp-content\/uploads\/2024\/05\/4cost_News_RAILWAY_2024_1.jpg","contentUrl":"https:\/\/www.4cost.de\/wp-content\/uploads\/2024\/05\/4cost_News_RAILWAY_2024_1.jpg","width":1200,"height":630,"caption":"4cost as sponsor of the RAILWAY Supplier Summit 2024 in Berlin"},{"@type":"BreadcrumbList","@id":"https:\/\/www.4cost.de\/en\/company\/news\/4cost-as-sponsor-of-the-railway-supplier-summit-2024-in-berlin\/#breadcrumb","itemListElement":[{"@type":"ListItem","position":1,"name":"Startseite","item":"https:\/\/www.4cost.de\/en\/"},{"@type":"ListItem","position":2,"name":"Company","item":"https:\/\/www.4cost.de\/en\/company\/"},{"@type":"ListItem","position":3,"name":"News from 4cost","item":"https:\/\/www.4cost.de\/en\/company\/news\/"},{"@type":"ListItem","position":4,"name":"4cost as sponsor of the RAILWAY Supplier Summit 2024 in Berlin"}]},{"@type":"WebSite","@id":"https:\/\/www.4cost.de\/en\/#website","url":"https:\/\/www.4cost.de\/en\/","name":"4cost GmbH","description":"Kostenklarheit schafft Gewinn","publisher":{"@id":"https:\/\/www.4cost.de\/en\/#organization"},"potentialAction":[{"@type":"SearchAction","target":{"@type":"EntryPoint","urlTemplate":"https:\/\/www.4cost.de\/en\/?s={search_term_string}"},"query-input":{"@type":"PropertyValueSpecification","valueRequired":true,"valueName":"search_term_string"}}],"inLanguage":"en-US"},{"@type":"Organization","@id":"https:\/\/www.4cost.de\/en\/#organization","name":"4cost GmbH","url":"https:\/\/www.4cost.de\/en\/","logo":{"@type":"ImageObject","inLanguage":"en-US","@id":"https:\/\/www.4cost.de\/en\/#\/schema\/logo\/image\/","url":"https:\/\/www.4cost.de\/wp-content\/uploads\/2025\/08\/4cost_Logo.jpg","contentUrl":"https:\/\/www.4cost.de\/wp-content\/uploads\/2025\/08\/4cost_Logo.jpg","width":2400,"height":2102,"caption":"4cost GmbH"},"image":{"@id":"https:\/\/www.4cost.de\/en\/#\/schema\/logo\/image\/"},"sameAs":["https:\/\/de.linkedin.com\/company\/4cost"]}]}},"_links":{"self":[{"href":"https:\/\/www.4cost.de\/en\/wp-json\/wp\/v2\/pages\/11918","targetHints":{"allow":["GET"]}}],"collection":[{"href":"https:\/\/www.4cost.de\/en\/wp-json\/wp\/v2\/pages"}],"about":[{"href":"https:\/\/www.4cost.de\/en\/wp-json\/wp\/v2\/types\/page"}],"author":[{"embeddable":true,"href":"https:\/\/www.4cost.de\/en\/wp-json\/wp\/v2\/users\/2"}],"replies":[{"embeddable":true,"href":"https:\/\/www.4cost.de\/en\/wp-json\/wp\/v2\/comments?post=11918"}],"version-history":[{"count":4,"href":"https:\/\/www.4cost.de\/en\/wp-json\/wp\/v2\/pages\/11918\/revisions"}],"predecessor-version":[{"id":13259,"href":"https:\/\/www.4cost.de\/en\/wp-json\/wp\/v2\/pages\/11918\/revisions\/13259"}],"up":[{"embeddable":true,"href":"https:\/\/www.4cost.de\/en\/wp-json\/wp\/v2\/pages\/6680"}],"wp:featuredmedia":[{"embeddable":true,"href":"https:\/\/www.4cost.de\/en\/wp-json\/wp\/v2\/media\/11914"}],"wp:attachment":[{"href":"https:\/\/www.4cost.de\/en\/wp-json\/wp\/v2\/media?parent=11918"}],"curies":[{"name":"wp","href":"https:\/\/api.w.org\/{rel}","templated":true}]}}