{"id":10751,"date":"2023-05-16T19:40:57","date_gmt":"2023-05-16T17:40:57","guid":{"rendered":"https:\/\/www.4cost.de\/?page_id=10751"},"modified":"2025-01-10T06:25:57","modified_gmt":"2025-01-10T05:25:57","slug":"4cost-participates-as-exhibitor-at-the-dialogue-with-military-attaches-2023","status":"publish","type":"page","link":"https:\/\/www.4cost.de\/en\/company\/news\/4cost-participates-as-exhibitor-at-the-dialogue-with-military-attaches-2023\/","title":{"rendered":"4cost participates as exhibitor at the Dialogue with Military Attach\u00e9s 2023"},"content":{"rendered":"<p><div class=\"fusion-fullwidth fullwidth-box fusion-builder-row-1 fusion-flex-container has-pattern-background has-mask-background nonhundred-percent-fullwidth non-hundred-percent-height-scrolling\" style=\"--awb-border-radius-top-left:0px;--awb-border-radius-top-right:0px;--awb-border-radius-bottom-right:0px;--awb-border-radius-bottom-left:0px;--awb-flex-wrap:wrap;\" ><div class=\"fusion-builder-row fusion-row fusion-flex-align-items-flex-start fusion-flex-content-wrap\" style=\"max-width:1352px;margin-left: calc(-4% \/ 2 );margin-right: calc(-4% \/ 2 );\"><div class=\"fusion-layout-column fusion_builder_column fusion-builder-column-0 fusion_builder_column_2_3 2_3 fusion-flex-column\" style=\"--awb-bg-size:cover;--awb-width-large:66.666666666667%;--awb-margin-top-large:0px;--awb-spacing-right-large:2.88%;--awb-margin-bottom-large:0px;--awb-spacing-left-large:2.88%;--awb-width-medium:66.666666666667%;--awb-order-medium:0;--awb-spacing-right-medium:2.88%;--awb-spacing-left-medium:2.88%;--awb-width-small:100%;--awb-order-small:0;--awb-spacing-right-small:1.92%;--awb-spacing-left-small:1.92%;\"><div class=\"fusion-column-wrapper fusion-column-has-shadow fusion-flex-justify-content-flex-start fusion-content-layout-column\"><div class=\"fusion-title title fusion-title-1 fusion-sep-none fusion-title-text fusion-title-size-one\" style=\"--awb-margin-top:0px;--awb-margin-top-small:0px;--awb-margin-right-small:0px;--awb-margin-bottom-small:10px;--awb-margin-left-small:0px;--awb-margin-top-medium:0px;\"><h1 class=\"fusion-title-heading title-heading-left fusion-responsive-typography-calculated\" style=\"margin:0;--fontSize:32;line-height:1.16;\">4cost participates as exhibitor at the Dialogue with Military Attach\u00e9s 2023<\/h1><\/div><div class=\"fusion-text fusion-text-1\"><p>On 9 May 2023, the event &#8220;In Dialogue with Military Attach\u00e9s&#8221; took place for the thirteenth time at Schloss Diedersdorf in Gro\u00dfbeeren near Berlin. The <em>Deutsche Gesellschaft f\u00fcr Wehrtechnik<\/em> (German Society for Defence Technology) and the <em>Studiengesellschaft der DWT<\/em> (Study Society) were responsible for organising and hosting it. The event offers defence technology SMEs a platform for the exchange with German and future German military attach\u00e9s as well as foreign military attach\u00e9s accredited in the Federal Republic of Germany.<\/p>\n<p>After its successful participation in 2022, 4cost was present again this year as an exhibitor at the &#8220;Dialogue with Military Attach\u00e9s&#8221;. The sales team, formed by Arnd Sch\u00fcller and Richard Neuhoff, held various informative discussions with military representatives from all over the world and highlighted the huge benefits of using <a href=\"\/en\/costing-software\/\">4cost costing software<\/a> in the defence industry.<\/p>\n<\/div><div class=\"fusion-image-element \" style=\"--awb-caption-title-font-family:var(--h1_typography-font-family);--awb-caption-title-font-weight:var(--h1_typography-font-weight);--awb-caption-title-font-style:var(--h1_typography-font-style);--awb-caption-title-size:var(--h1_typography-font-size);--awb-caption-title-transform:var(--h1_typography-text-transform);--awb-caption-title-line-height:var(--h1_typography-line-height);--awb-caption-title-letter-spacing:var(--h1_typography-letter-spacing);\"><span class=\" fusion-imageframe imageframe-none imageframe-1 hover-type-none\"><img decoding=\"async\" width=\"1000\" height=\"750\" alt=\"4cost participates as exhibitor at the Dialogue with Military Attach\u00e9s 2023\" title=\"4cost participates as exhibitor at the Dialogue with Military Attach\u00e9s 2023\" src=\"https:\/\/www.4cost.de\/wp-content\/uploads\/2023\/06\/4cost_Im_Dialog_mit_Militaerattsches_2023.jpg\" data-orig-src=\"https:\/\/www.4cost.de\/wp-content\/uploads\/2023\/06\/4cost_Im_Dialog_mit_Militaerattsches_2023.jpg\" class=\"lazyload img-responsive wp-image-10718\" srcset=\"data:image\/svg+xml,%3Csvg%20xmlns%3D%27http%3A%2F%2Fwww.w3.org%2F2000%2Fsvg%27%20width%3D%271000%27%20height%3D%27750%27%20viewBox%3D%270%200%201000%20750%27%3E%3Crect%20width%3D%271000%27%20height%3D%27750%27%20fill-opacity%3D%220%22%2F%3E%3C%2Fsvg%3E\" data-srcset=\"https:\/\/www.4cost.de\/wp-content\/uploads\/2023\/06\/4cost_Im_Dialog_mit_Militaerattsches_2023-200x150.jpg 200w, https:\/\/www.4cost.de\/wp-content\/uploads\/2023\/06\/4cost_Im_Dialog_mit_Militaerattsches_2023-400x300.jpg 400w, https:\/\/www.4cost.de\/wp-content\/uploads\/2023\/06\/4cost_Im_Dialog_mit_Militaerattsches_2023-600x450.jpg 600w, https:\/\/www.4cost.de\/wp-content\/uploads\/2023\/06\/4cost_Im_Dialog_mit_Militaerattsches_2023-800x600.jpg 800w, https:\/\/www.4cost.de\/wp-content\/uploads\/2023\/06\/4cost_Im_Dialog_mit_Militaerattsches_2023.jpg 1000w\" data-sizes=\"auto\" data-orig-sizes=\"(max-width: 1125px) 100vw, 1000px\" \/><\/span><\/div><div class=\"fusion-text fusion-text-2\" style=\"--awb-font-size:12px;--awb-margin-top:5px;\"><p>F.l.t.r.: Arnd Sch\u00fcller (Head of Sales, 4cost) und Richard Neuhoff (Sales Director Software, 4cost)<\/p>\n<\/div><div class=\"fusion-text fusion-text-3\"><p>&#8220;Our <a href=\"\/en\/costing-software\/\">costing solutions<\/a> can easily master the industry-specific challenges regarding cost calculation, for instance long product life cycles and highly complex technologies,&#8221; emphasises Mr Sch\u00fcller. &#8220;Particular emphasis is on life cycle costing (LCC), which is not only easy to perform with our <a href=\"\/en\/costing-software\/4cost-aces-parametric-cost-estimate\/\">costing software 4cost-aces<\/a>, but also provides maximum cost transparency in early project phases.&#8221; 4cost&#8217;s innovative, parametric approach has already proven itself in numerous projects in the field of defence and military technology.<\/p>\n<p>&#8220;We are very pleased that we were able to spark interest not only among the military attach\u00e9s, but also among some exhibitors,&#8221; Mr Neuhoff sums up. &#8220;We made many new contacts, which we will continue to intensify in the coming weeks.&#8221;<\/p>\n<p>The 4cost team would like to thank the participants, exhibitors and organisers for the productive exchange on an international level.<\/p>\n<\/div><\/div><\/div><\/div><\/div><\/p>\n","protected":false},"excerpt":{"rendered":"","protected":false},"author":2,"featured_media":10718,"parent":6680,"menu_order":0,"comment_status":"closed","ping_status":"closed","template":"100-width.php","meta":{"footnotes":""},"class_list":["post-10751","page","type-page","status-publish","has-post-thumbnail","hentry"],"yoast_head":"<!-- This site is optimized with the Yoast SEO plugin v27.3 - https:\/\/yoast.com\/product\/yoast-seo-wordpress\/ -->\n<title>4cost participates as exhibitor at the Dialogue with Military Attach\u00e9s 2023<\/title>\n<meta name=\"description\" content=\"On 9 May 2023, 4cost was attending the &quot;Dialogue with Military Attach\u00e9s&quot; to exchange insights with military representatives from around the world.\" \/>\n<meta name=\"robots\" content=\"index, follow, max-snippet:-1, max-image-preview:large, max-video-preview:-1\" \/>\n<link rel=\"canonical\" href=\"https:\/\/www.4cost.de\/en\/company\/news\/4cost-participates-as-exhibitor-at-the-dialogue-with-military-attaches-2023\/\" \/>\n<meta property=\"og:locale\" content=\"en_US\" \/>\n<meta property=\"og:type\" content=\"article\" \/>\n<meta property=\"og:title\" content=\"4cost participates as exhibitor at the Dialogue with Military Attach\u00e9s 2023\" \/>\n<meta property=\"og:description\" content=\"On 9 May 2023, 4cost was attending the &quot;Dialogue with Military Attach\u00e9s&quot; to exchange insights with military representatives from around the world.\" \/>\n<meta property=\"og:url\" content=\"https:\/\/www.4cost.de\/en\/company\/news\/4cost-participates-as-exhibitor-at-the-dialogue-with-military-attaches-2023\/\" \/>\n<meta property=\"og:site_name\" content=\"4cost GmbH\" \/>\n<meta property=\"article:modified_time\" content=\"2025-01-10T05:25:57+00:00\" \/>\n<meta property=\"og:image\" content=\"https:\/\/www.4cost.de\/wp-content\/uploads\/2023\/06\/4cost_Im_Dialog_mit_Militaerattsches_2023.jpg\" \/>\n\t<meta property=\"og:image:width\" content=\"1000\" \/>\n\t<meta property=\"og:image:height\" content=\"750\" \/>\n\t<meta property=\"og:image:type\" content=\"image\/jpeg\" \/>\n<meta name=\"twitter:card\" content=\"summary_large_image\" \/>\n<script type=\"application\/ld+json\" class=\"yoast-schema-graph\">{\"@context\":\"https:\\\/\\\/schema.org\",\"@graph\":[{\"@type\":\"WebPage\",\"@id\":\"https:\\\/\\\/www.4cost.de\\\/en\\\/company\\\/news\\\/4cost-participates-as-exhibitor-at-the-dialogue-with-military-attaches-2023\\\/\",\"url\":\"https:\\\/\\\/www.4cost.de\\\/en\\\/company\\\/news\\\/4cost-participates-as-exhibitor-at-the-dialogue-with-military-attaches-2023\\\/\",\"name\":\"4cost participates as exhibitor at the Dialogue with Military Attach\u00e9s 2023\",\"isPartOf\":{\"@id\":\"https:\\\/\\\/www.4cost.de\\\/en\\\/#website\"},\"primaryImageOfPage\":{\"@id\":\"https:\\\/\\\/www.4cost.de\\\/en\\\/company\\\/news\\\/4cost-participates-as-exhibitor-at-the-dialogue-with-military-attaches-2023\\\/#primaryimage\"},\"image\":{\"@id\":\"https:\\\/\\\/www.4cost.de\\\/en\\\/company\\\/news\\\/4cost-participates-as-exhibitor-at-the-dialogue-with-military-attaches-2023\\\/#primaryimage\"},\"thumbnailUrl\":\"https:\\\/\\\/www.4cost.de\\\/wp-content\\\/uploads\\\/2023\\\/06\\\/4cost_Im_Dialog_mit_Militaerattsches_2023.jpg\",\"datePublished\":\"2023-05-16T17:40:57+00:00\",\"dateModified\":\"2025-01-10T05:25:57+00:00\",\"description\":\"On 9 May 2023, 4cost was attending the \\\"Dialogue with Military Attach\u00e9s\\\" to exchange insights with military representatives from around the world.\",\"breadcrumb\":{\"@id\":\"https:\\\/\\\/www.4cost.de\\\/en\\\/company\\\/news\\\/4cost-participates-as-exhibitor-at-the-dialogue-with-military-attaches-2023\\\/#breadcrumb\"},\"inLanguage\":\"en-US\",\"potentialAction\":[{\"@type\":\"ReadAction\",\"target\":[\"https:\\\/\\\/www.4cost.de\\\/en\\\/company\\\/news\\\/4cost-participates-as-exhibitor-at-the-dialogue-with-military-attaches-2023\\\/\"]}]},{\"@type\":\"ImageObject\",\"inLanguage\":\"en-US\",\"@id\":\"https:\\\/\\\/www.4cost.de\\\/en\\\/company\\\/news\\\/4cost-participates-as-exhibitor-at-the-dialogue-with-military-attaches-2023\\\/#primaryimage\",\"url\":\"https:\\\/\\\/www.4cost.de\\\/wp-content\\\/uploads\\\/2023\\\/06\\\/4cost_Im_Dialog_mit_Militaerattsches_2023.jpg\",\"contentUrl\":\"https:\\\/\\\/www.4cost.de\\\/wp-content\\\/uploads\\\/2023\\\/06\\\/4cost_Im_Dialog_mit_Militaerattsches_2023.jpg\",\"width\":1000,\"height\":750,\"caption\":\"4cost participates as exhibitor at the Dialogue with Military Attach\u00e9s 2023\"},{\"@type\":\"BreadcrumbList\",\"@id\":\"https:\\\/\\\/www.4cost.de\\\/en\\\/company\\\/news\\\/4cost-participates-as-exhibitor-at-the-dialogue-with-military-attaches-2023\\\/#breadcrumb\",\"itemListElement\":[{\"@type\":\"ListItem\",\"position\":1,\"name\":\"Startseite\",\"item\":\"https:\\\/\\\/www.4cost.de\\\/en\\\/\"},{\"@type\":\"ListItem\",\"position\":2,\"name\":\"Company\",\"item\":\"https:\\\/\\\/www.4cost.de\\\/en\\\/company\\\/\"},{\"@type\":\"ListItem\",\"position\":3,\"name\":\"News from 4cost\",\"item\":\"https:\\\/\\\/www.4cost.de\\\/en\\\/company\\\/news\\\/\"},{\"@type\":\"ListItem\",\"position\":4,\"name\":\"4cost participates as exhibitor at the Dialogue with Military Attach\u00e9s 2023\"}]},{\"@type\":\"WebSite\",\"@id\":\"https:\\\/\\\/www.4cost.de\\\/en\\\/#website\",\"url\":\"https:\\\/\\\/www.4cost.de\\\/en\\\/\",\"name\":\"4cost GmbH\",\"description\":\"Kostenklarheit schafft Gewinn\",\"publisher\":{\"@id\":\"https:\\\/\\\/www.4cost.de\\\/en\\\/#organization\"},\"potentialAction\":[{\"@type\":\"SearchAction\",\"target\":{\"@type\":\"EntryPoint\",\"urlTemplate\":\"https:\\\/\\\/www.4cost.de\\\/en\\\/?s={search_term_string}\"},\"query-input\":{\"@type\":\"PropertyValueSpecification\",\"valueRequired\":true,\"valueName\":\"search_term_string\"}}],\"inLanguage\":\"en-US\"},{\"@type\":\"Organization\",\"@id\":\"https:\\\/\\\/www.4cost.de\\\/en\\\/#organization\",\"name\":\"4cost GmbH\",\"url\":\"https:\\\/\\\/www.4cost.de\\\/en\\\/\",\"logo\":{\"@type\":\"ImageObject\",\"inLanguage\":\"en-US\",\"@id\":\"https:\\\/\\\/www.4cost.de\\\/en\\\/#\\\/schema\\\/logo\\\/image\\\/\",\"url\":\"https:\\\/\\\/www.4cost.de\\\/wp-content\\\/uploads\\\/2025\\\/08\\\/4cost_Logo.jpg\",\"contentUrl\":\"https:\\\/\\\/www.4cost.de\\\/wp-content\\\/uploads\\\/2025\\\/08\\\/4cost_Logo.jpg\",\"width\":2400,\"height\":2102,\"caption\":\"4cost GmbH\"},\"image\":{\"@id\":\"https:\\\/\\\/www.4cost.de\\\/en\\\/#\\\/schema\\\/logo\\\/image\\\/\"},\"sameAs\":[\"https:\\\/\\\/de.linkedin.com\\\/company\\\/4cost\"]}]}<\/script>\n<!-- \/ Yoast SEO plugin. -->","yoast_head_json":{"title":"4cost participates as exhibitor at the Dialogue with Military Attach\u00e9s 2023","description":"On 9 May 2023, 4cost was attending the \"Dialogue with Military Attach\u00e9s\" to exchange insights with military representatives from around the world.","robots":{"index":"index","follow":"follow","max-snippet":"max-snippet:-1","max-image-preview":"max-image-preview:large","max-video-preview":"max-video-preview:-1"},"canonical":"https:\/\/www.4cost.de\/en\/company\/news\/4cost-participates-as-exhibitor-at-the-dialogue-with-military-attaches-2023\/","og_locale":"en_US","og_type":"article","og_title":"4cost participates as exhibitor at the Dialogue with Military Attach\u00e9s 2023","og_description":"On 9 May 2023, 4cost was attending the \"Dialogue with Military Attach\u00e9s\" to exchange insights with military representatives from around the world.","og_url":"https:\/\/www.4cost.de\/en\/company\/news\/4cost-participates-as-exhibitor-at-the-dialogue-with-military-attaches-2023\/","og_site_name":"4cost GmbH","article_modified_time":"2025-01-10T05:25:57+00:00","og_image":[{"width":1000,"height":750,"url":"https:\/\/www.4cost.de\/wp-content\/uploads\/2023\/06\/4cost_Im_Dialog_mit_Militaerattsches_2023.jpg","type":"image\/jpeg"}],"twitter_card":"summary_large_image","schema":{"@context":"https:\/\/schema.org","@graph":[{"@type":"WebPage","@id":"https:\/\/www.4cost.de\/en\/company\/news\/4cost-participates-as-exhibitor-at-the-dialogue-with-military-attaches-2023\/","url":"https:\/\/www.4cost.de\/en\/company\/news\/4cost-participates-as-exhibitor-at-the-dialogue-with-military-attaches-2023\/","name":"4cost participates as exhibitor at the Dialogue with Military Attach\u00e9s 2023","isPartOf":{"@id":"https:\/\/www.4cost.de\/en\/#website"},"primaryImageOfPage":{"@id":"https:\/\/www.4cost.de\/en\/company\/news\/4cost-participates-as-exhibitor-at-the-dialogue-with-military-attaches-2023\/#primaryimage"},"image":{"@id":"https:\/\/www.4cost.de\/en\/company\/news\/4cost-participates-as-exhibitor-at-the-dialogue-with-military-attaches-2023\/#primaryimage"},"thumbnailUrl":"https:\/\/www.4cost.de\/wp-content\/uploads\/2023\/06\/4cost_Im_Dialog_mit_Militaerattsches_2023.jpg","datePublished":"2023-05-16T17:40:57+00:00","dateModified":"2025-01-10T05:25:57+00:00","description":"On 9 May 2023, 4cost was attending the \"Dialogue with Military Attach\u00e9s\" to exchange insights with military representatives from around the world.","breadcrumb":{"@id":"https:\/\/www.4cost.de\/en\/company\/news\/4cost-participates-as-exhibitor-at-the-dialogue-with-military-attaches-2023\/#breadcrumb"},"inLanguage":"en-US","potentialAction":[{"@type":"ReadAction","target":["https:\/\/www.4cost.de\/en\/company\/news\/4cost-participates-as-exhibitor-at-the-dialogue-with-military-attaches-2023\/"]}]},{"@type":"ImageObject","inLanguage":"en-US","@id":"https:\/\/www.4cost.de\/en\/company\/news\/4cost-participates-as-exhibitor-at-the-dialogue-with-military-attaches-2023\/#primaryimage","url":"https:\/\/www.4cost.de\/wp-content\/uploads\/2023\/06\/4cost_Im_Dialog_mit_Militaerattsches_2023.jpg","contentUrl":"https:\/\/www.4cost.de\/wp-content\/uploads\/2023\/06\/4cost_Im_Dialog_mit_Militaerattsches_2023.jpg","width":1000,"height":750,"caption":"4cost participates as exhibitor at the Dialogue with Military Attach\u00e9s 2023"},{"@type":"BreadcrumbList","@id":"https:\/\/www.4cost.de\/en\/company\/news\/4cost-participates-as-exhibitor-at-the-dialogue-with-military-attaches-2023\/#breadcrumb","itemListElement":[{"@type":"ListItem","position":1,"name":"Startseite","item":"https:\/\/www.4cost.de\/en\/"},{"@type":"ListItem","position":2,"name":"Company","item":"https:\/\/www.4cost.de\/en\/company\/"},{"@type":"ListItem","position":3,"name":"News from 4cost","item":"https:\/\/www.4cost.de\/en\/company\/news\/"},{"@type":"ListItem","position":4,"name":"4cost participates as exhibitor at the Dialogue with Military Attach\u00e9s 2023"}]},{"@type":"WebSite","@id":"https:\/\/www.4cost.de\/en\/#website","url":"https:\/\/www.4cost.de\/en\/","name":"4cost GmbH","description":"Kostenklarheit schafft Gewinn","publisher":{"@id":"https:\/\/www.4cost.de\/en\/#organization"},"potentialAction":[{"@type":"SearchAction","target":{"@type":"EntryPoint","urlTemplate":"https:\/\/www.4cost.de\/en\/?s={search_term_string}"},"query-input":{"@type":"PropertyValueSpecification","valueRequired":true,"valueName":"search_term_string"}}],"inLanguage":"en-US"},{"@type":"Organization","@id":"https:\/\/www.4cost.de\/en\/#organization","name":"4cost GmbH","url":"https:\/\/www.4cost.de\/en\/","logo":{"@type":"ImageObject","inLanguage":"en-US","@id":"https:\/\/www.4cost.de\/en\/#\/schema\/logo\/image\/","url":"https:\/\/www.4cost.de\/wp-content\/uploads\/2025\/08\/4cost_Logo.jpg","contentUrl":"https:\/\/www.4cost.de\/wp-content\/uploads\/2025\/08\/4cost_Logo.jpg","width":2400,"height":2102,"caption":"4cost GmbH"},"image":{"@id":"https:\/\/www.4cost.de\/en\/#\/schema\/logo\/image\/"},"sameAs":["https:\/\/de.linkedin.com\/company\/4cost"]}]}},"_links":{"self":[{"href":"https:\/\/www.4cost.de\/en\/wp-json\/wp\/v2\/pages\/10751","targetHints":{"allow":["GET"]}}],"collection":[{"href":"https:\/\/www.4cost.de\/en\/wp-json\/wp\/v2\/pages"}],"about":[{"href":"https:\/\/www.4cost.de\/en\/wp-json\/wp\/v2\/types\/page"}],"author":[{"embeddable":true,"href":"https:\/\/www.4cost.de\/en\/wp-json\/wp\/v2\/users\/2"}],"replies":[{"embeddable":true,"href":"https:\/\/www.4cost.de\/en\/wp-json\/wp\/v2\/comments?post=10751"}],"version-history":[{"count":3,"href":"https:\/\/www.4cost.de\/en\/wp-json\/wp\/v2\/pages\/10751\/revisions"}],"predecessor-version":[{"id":13276,"href":"https:\/\/www.4cost.de\/en\/wp-json\/wp\/v2\/pages\/10751\/revisions\/13276"}],"up":[{"embeddable":true,"href":"https:\/\/www.4cost.de\/en\/wp-json\/wp\/v2\/pages\/6680"}],"wp:featuredmedia":[{"embeddable":true,"href":"https:\/\/www.4cost.de\/en\/wp-json\/wp\/v2\/media\/10718"}],"wp:attachment":[{"href":"https:\/\/www.4cost.de\/en\/wp-json\/wp\/v2\/media?parent=10751"}],"curies":[{"name":"wp","href":"https:\/\/api.w.org\/{rel}","templated":true}]}}